{"id":7,"date":"2020-07-13T16:08:30","date_gmt":"2020-07-13T16:08:30","guid":{"rendered":"https:\/\/chimichurri.info\/?page_id=7"},"modified":"2020-08-31T18:11:28","modified_gmt":"2020-08-31T18:11:28","slug":"acerca-de","status":"publish","type":"page","link":"https:\/\/chimichurri.info\/index.php\/acerca-de\/","title":{"rendered":"Acerca de"},"content":{"rendered":"\n<p>Somos una empresa familiar dedicada a la elaboraci\u00f3n y venta de comida para llevar, al comienzo dedicada a la venta exclusiva de <strong>pollos al ast<\/strong>, en la actualidad y atendiendo a las demandas de nuestros clientes tambi\u00e9n hacemos <strong>codillos, costillas de cerdo, galtas, entra\u00f1a, conejo, patatas al <\/strong><em><strong>cali\u00fa<\/strong>.<\/em> Centrados en mejorar d\u00eda a d\u00eda tanto la atenci\u00f3n como la calidad de nuestros productos nos ha permitido ir ampliando considerablemente nuestra clientela de la cual nos sentimos orgullosos y agradecemos.<\/p>\n","protected":false},"excerpt":{"rendered":"<p>Somos una empresa familiar dedicada a la elaboraci\u00f3n y venta de comida para llevar, al comienzo dedicada a la venta exclusiva de pollos al ast, en la actualidad y atendiendo a las demandas de nuestros clientes tambi\u00e9n hacemos codillos, costillas de cerdo, galtas, entra\u00f1a, conejo, patatas al cali\u00fa. Centrados en mejorar d\u00eda a d\u00eda tanto &hellip; <\/p>\n<p class=\"link-more\"><a href=\"https:\/\/chimichurri.info\/index.php\/acerca-de\/\" class=\"more-link\">Continuar leyendo<span class=\"screen-reader-text\"> \u00abAcerca de\u00bb<\/span><\/a><\/p>\n","protected":false},"author":1,"featured_media":0,"parent":0,"menu_order":0,"comment_status":"closed","ping_status":"closed","template":"","meta":{"footnotes":""},"class_list":["post-7","page","type-page","status-publish","hentry"],"_links":{"self":[{"href":"https:\/\/chimichurri.info\/index.php\/wp-json\/wp\/v2\/pages\/7","targetHints":{"allow":["GET"]}}],"collection":[{"href":"https:\/\/chimichurri.info\/index.php\/wp-json\/wp\/v2\/pages"}],"about":[{"href":"https:\/\/chimichurri.info\/index.php\/wp-json\/wp\/v2\/types\/page"}],"author":[{"embeddable":true,"href":"https:\/\/chimichurri.info\/index.php\/wp-json\/wp\/v2\/users\/1"}],"replies":[{"embeddable":true,"href":"https:\/\/chimichurri.info\/index.php\/wp-json\/wp\/v2\/comments?post=7"}],"version-history":[{"count":5,"href":"https:\/\/chimichurri.info\/index.php\/wp-json\/wp\/v2\/pages\/7\/revisions"}],"predecessor-version":[{"id":102,"href":"https:\/\/chimichurri.info\/index.php\/wp-json\/wp\/v2\/pages\/7\/revisions\/102"}],"wp:attachment":[{"href":"https:\/\/chimichurri.info\/index.php\/wp-json\/wp\/v2\/media?parent=7"}],"curies":[{"name":"wp","href":"https:\/\/api.w.org\/{rel}","templated":true}]}}